{"id":300,"date":"2020-02-17T12:11:38","date_gmt":"2020-02-17T12:11:38","guid":{"rendered":"https:\/\/youthtainability.com\/?page_id=300"},"modified":"2020-03-17T16:27:11","modified_gmt":"2020-03-17T16:27:11","slug":"about_sk","status":"publish","type":"page","link":"https:\/\/youthtainability.gyiot.hu\/?page_id=300","title":{"rendered":"O projekte"},"content":{"rendered":"\t\t<div data-elementor-type=\"wp-page\" data-elementor-id=\"300\" class=\"elementor elementor-300\" data-elementor-post-type=\"page\">\n\t\t\t\t\t\t<section class=\"elementor-section elementor-top-section elementor-element elementor-element-cfb3033 elementor-section-content-middle elementor-section-boxed elementor-section-height-default elementor-section-height-default\" data-id=\"cfb3033\" data-element_type=\"section\">\n\t\t\t\t\t\t<div class=\"elementor-container elementor-column-gap-no\">\n\t\t\t\t\t<div class=\"elementor-column elementor-col-50 elementor-top-column elementor-element elementor-element-d868a80\" data-id=\"d868a80\" data-element_type=\"column\">\n\t\t\t<div class=\"elementor-widget-wrap elementor-element-populated\">\n\t\t\t\t\t\t<div class=\"elementor-element elementor-element-9f04e11 elementor-widget-divider--view-line elementor-widget elementor-widget-divider\" data-id=\"9f04e11\" data-element_type=\"widget\" data-widget_type=\"divider.default\">\n\t\t\t\t<div class=\"elementor-widget-container\">\n\t\t\t\t\t\t\t<div class=\"elementor-divider\">\n\t\t\t<span class=\"elementor-divider-separator\">\n\t\t\t\t\t\t<\/span>\n\t\t<\/div>\n\t\t\t\t\t\t<\/div>\n\t\t\t\t<\/div>\n\t\t\t\t<div class=\"elementor-element elementor-element-9d5cffb elementor-widget elementor-widget-heading\" data-id=\"9d5cffb\" data-element_type=\"widget\" data-widget_type=\"heading.default\">\n\t\t\t\t<div class=\"elementor-widget-container\">\n\t\t\t\t\t<h4 class=\"elementor-heading-title elementor-size-default\">O projekte<\/h4>\t\t\t\t<\/div>\n\t\t\t\t<\/div>\n\t\t\t\t\t<\/div>\n\t\t<\/div>\n\t\t\t\t<div class=\"elementor-column elementor-col-50 elementor-top-column elementor-element elementor-element-98317f3\" data-id=\"98317f3\" data-element_type=\"column\">\n\t\t\t<div class=\"elementor-widget-wrap elementor-element-populated\">\n\t\t\t\t\t\t<div class=\"elementor-element elementor-element-26889c4 elementor-widget elementor-widget-text-editor\" data-id=\"26889c4\" data-element_type=\"widget\" data-widget_type=\"text-editor.default\">\n\t\t\t\t<div class=\"elementor-widget-container\">\n\t\t\t\t\t\t\t\t\t<p><span style=\"font-weight: 400;\">Youthtainability je KA2 strategick\u00e9 partnerstvo medzi organiz\u00e1ciami <\/span><span style=\"font-weight: 400;\">Gyermek &#8211; \u00e9s Ifj\u00fas\u00e1gi \u00d6nkorm\u00e1nyzati T\u00e1rsas\u00e1g<\/span><span style=\"font-weight: 400;\">, <\/span><span style=\"font-weight: 400;\">DYPALL Network, a European network based in Portugal<\/span><span style=\"font-weight: 400;\"> a Detsk\u00e1 organiz\u00e1cia F\u00c9NIX, o. z. V r\u00e1mci projektu sme zorganizovali tri partnersk\u00e9 stretnutia a \u0161tudijn\u00fa n\u00e1v\u0161tevu pre odborn\u00edkov z partnersk\u00fdch kraj\u00edn. Na z\u00e1klade t\u00fdchto sk\u00fasenost\u00ed sme vytvorili \u201eintelektu\u00e1lny v\u00fdstup\u201c ako hlavn\u00fd v\u00fdsledok projektu, ktor\u00fd pozost\u00e1va z troch r\u00f4znych \u010dast\u00ed.<\/span><\/p>\t\t\t\t\t\t\t\t<\/div>\n\t\t\t\t<\/div>\n\t\t\t\t<div class=\"elementor-element elementor-element-c39ed8f elementor-widget elementor-widget-text-editor\" data-id=\"c39ed8f\" data-element_type=\"widget\" data-widget_type=\"text-editor.default\">\n\t\t\t\t<div class=\"elementor-widget-container\">\n\t\t\t\t\t\t\t\t\t<p><span style=\"font-weight: 400;\">Teoretick\u00e1 \u010das\u0165 je zameran\u00e1 na zmapovanie probl\u00e9mov miestnej pr\u00e1ce s ml\u00e1de\u017eou, najm\u00e4 <br \/><\/span><span style=\"font-weight: 400;\">vo vidieckych oblastiach, ako je migr\u00e1cia mlad\u00fdch \u013eud\u00ed z vidieka do v\u00e4\u010d\u0161\u00edch miest, v\u00fdznam udr\u017eate\u013enosti na miestnej \u00farovni a \u00falohy pr\u00e1ce s ml\u00e1de\u017eou pri vytv\u00e1ran\u00ed a rozvoji pocitu spolupatri\u010dnosti miestnych mlad\u00fdch \u013eud\u00ed.<\/span><\/p><p><span style=\"font-weight: 400;\">V druhej \u010dasti poskytujeme zbierku n\u00e1strojov pre miestnych pracovn\u00edkov s ml\u00e1de\u017eou, ktor\u00e1 im m\u00f4\u017ee pom\u00f4c\u0165 pri rozv\u00edjan\u00ed pocitu spolupatri\u010dnosti s ml\u00e1de\u017eou, aby mlad\u00ed \u013eudia boli viac <\/span><span style=\"font-weight: 400;\">\u201e<\/span><span style=\"font-weight: 400;\">miestni\u201d a viac informovan\u00ed o svojej komunite.<\/span><\/p><p><span style=\"font-weight: 400;\">V neposlednom rade pon\u00fakame mapu sebahodnotenia pre miestnych pracovn\u00edkov s ml\u00e1de\u017eou, aby mohli zmapova\u0165 svoj vlastn\u00fd pocit spolupatri\u010dnosti, \u010do by mohlo by\u0165 ve\u013emi d\u00f4le\u017eit\u00fdm v\u00fdchodiskov\u00fdm bodom cel\u00e9ho procesu.<\/span><\/p>\t\t\t\t\t\t\t\t<\/div>\n\t\t\t\t<\/div>\n\t\t\t\t\t<\/div>\n\t\t<\/div>\n\t\t\t\t\t<\/div>\n\t\t<\/section>\n\t\t\t\t<section class=\"elementor-section elementor-top-section elementor-element elementor-element-c83b81d elementor-section-content-middle elementor-section-boxed elementor-section-height-default elementor-section-height-default\" data-id=\"c83b81d\" data-element_type=\"section\" data-settings=\"{&quot;background_background&quot;:&quot;classic&quot;}\">\n\t\t\t\t\t\t<div class=\"elementor-container elementor-column-gap-no\">\n\t\t\t\t\t<div class=\"elementor-column elementor-col-50 elementor-top-column elementor-element elementor-element-6f34988\" data-id=\"6f34988\" data-element_type=\"column\">\n\t\t\t<div class=\"elementor-widget-wrap elementor-element-populated\">\n\t\t\t\t\t\t<div class=\"elementor-element elementor-element-3fd8ad3 elementor-widget-divider--view-line elementor-widget elementor-widget-divider\" data-id=\"3fd8ad3\" data-element_type=\"widget\" data-widget_type=\"divider.default\">\n\t\t\t\t<div class=\"elementor-widget-container\">\n\t\t\t\t\t\t\t<div class=\"elementor-divider\">\n\t\t\t<span class=\"elementor-divider-separator\">\n\t\t\t\t\t\t<\/span>\n\t\t<\/div>\n\t\t\t\t\t\t<\/div>\n\t\t\t\t<\/div>\n\t\t\t\t<div class=\"elementor-element elementor-element-ede6457 elementor-widget elementor-widget-heading\" data-id=\"ede6457\" data-element_type=\"widget\" data-widget_type=\"heading.default\">\n\t\t\t\t<div class=\"elementor-widget-container\">\n\t\t\t\t\t<h4 class=\"elementor-heading-title elementor-size-default\">Ciele<\/h4>\t\t\t\t<\/div>\n\t\t\t\t<\/div>\n\t\t\t\t\t<\/div>\n\t\t<\/div>\n\t\t\t\t<div class=\"elementor-column elementor-col-50 elementor-top-column elementor-element elementor-element-653b2d6\" data-id=\"653b2d6\" data-element_type=\"column\">\n\t\t\t<div class=\"elementor-widget-wrap elementor-element-populated\">\n\t\t\t\t\t\t<div class=\"elementor-element elementor-element-4a9fa58 elementor-widget elementor-widget-text-editor\" data-id=\"4a9fa58\" data-element_type=\"widget\" data-widget_type=\"text-editor.default\">\n\t\t\t\t<div class=\"elementor-widget-container\">\n\t\t\t\t\t\t\t\t\t<p><span style=\"font-weight: 400;\">Hlavn\u00fdm cie\u013eom projektu je podrobne presk\u00fama\u0165 \u00falohu pr\u00e1ce s ml\u00e1de\u017eou vo vidieckych oblastiach, aby sa miestni mlad\u00ed \u013eudia skuto\u010dne c\u00edtili ako doma vo svojom meste, \u010d\u00edm sa zn\u00ed\u017ei ich migr\u00e1cia z mal\u00fdch miest do v\u00e4\u010d\u0161\u00edch miest.<\/span><\/p>\t\t\t\t\t\t\t\t<\/div>\n\t\t\t\t<\/div>\n\t\t\t\t\t<\/div>\n\t\t<\/div>\n\t\t\t\t\t<\/div>\n\t\t<\/section>\n\t\t\t\t<section class=\"elementor-section elementor-top-section elementor-element elementor-element-ffce5ca elementor-section-content-middle elementor-section-boxed elementor-section-height-default elementor-section-height-default\" data-id=\"ffce5ca\" data-element_type=\"section\">\n\t\t\t\t\t\t<div class=\"elementor-container elementor-column-gap-no\">\n\t\t\t\t\t<div class=\"elementor-column elementor-col-25 elementor-top-column elementor-element elementor-element-a538ed5\" data-id=\"a538ed5\" data-element_type=\"column\">\n\t\t\t<div class=\"elementor-widget-wrap elementor-element-populated\">\n\t\t\t\t\t\t<div class=\"elementor-element elementor-element-fb7f514 elementor-widget elementor-widget-counter\" data-id=\"fb7f514\" data-element_type=\"widget\" data-widget_type=\"counter.default\">\n\t\t\t\t<div class=\"elementor-widget-container\">\n\t\t\t\t\t\t\t<div class=\"elementor-counter\">\n\t\t\t<div class=\"elementor-counter-title\">\u013eud\u00ed<\/div>\t\t\t<div class=\"elementor-counter-number-wrapper\">\n\t\t\t\t<span class=\"elementor-counter-number-prefix\"><\/span>\n\t\t\t\t<span class=\"elementor-counter-number\" data-duration=\"2000\" data-to-value=\"250\" data-from-value=\"1\" data-delimiter=\",\">1<\/span>\n\t\t\t\t<span class=\"elementor-counter-number-suffix\"><\/span>\n\t\t\t<\/div>\n\t\t<\/div>\n\t\t\t\t\t\t<\/div>\n\t\t\t\t<\/div>\n\t\t\t\t\t<\/div>\n\t\t<\/div>\n\t\t\t\t<div class=\"elementor-column elementor-col-25 elementor-top-column elementor-element elementor-element-b193c9d\" data-id=\"b193c9d\" data-element_type=\"column\">\n\t\t\t<div class=\"elementor-widget-wrap elementor-element-populated\">\n\t\t\t\t\t\t<div class=\"elementor-element elementor-element-7f79e26 elementor-widget elementor-widget-counter\" data-id=\"7f79e26\" data-element_type=\"widget\" data-widget_type=\"counter.default\">\n\t\t\t\t<div class=\"elementor-widget-container\">\n\t\t\t\t\t\t\t<div class=\"elementor-counter\">\n\t\t\t<div class=\"elementor-counter-title\">podujat\u00ed<\/div>\t\t\t<div class=\"elementor-counter-number-wrapper\">\n\t\t\t\t<span class=\"elementor-counter-number-prefix\"><\/span>\n\t\t\t\t<span class=\"elementor-counter-number\" data-duration=\"2000\" data-to-value=\"6\" data-from-value=\"1\" data-delimiter=\",\">1<\/span>\n\t\t\t\t<span class=\"elementor-counter-number-suffix\"><\/span>\n\t\t\t<\/div>\n\t\t<\/div>\n\t\t\t\t\t\t<\/div>\n\t\t\t\t<\/div>\n\t\t\t\t\t<\/div>\n\t\t<\/div>\n\t\t\t\t<div class=\"elementor-column elementor-col-25 elementor-top-column elementor-element elementor-element-f536c27\" data-id=\"f536c27\" data-element_type=\"column\">\n\t\t\t<div class=\"elementor-widget-wrap elementor-element-populated\">\n\t\t\t\t\t\t<div class=\"elementor-element elementor-element-61a4edd elementor-widget elementor-widget-counter\" data-id=\"61a4edd\" data-element_type=\"widget\" data-widget_type=\"counter.default\">\n\t\t\t\t<div class=\"elementor-widget-container\">\n\t\t\t\t\t\t\t<div class=\"elementor-counter\">\n\t\t\t<div class=\"elementor-counter-title\">pracovn\u00edkov s ml\u00e1de\u017eou<\/div>\t\t\t<div class=\"elementor-counter-number-wrapper\">\n\t\t\t\t<span class=\"elementor-counter-number-prefix\"><\/span>\n\t\t\t\t<span class=\"elementor-counter-number\" data-duration=\"2000\" data-to-value=\"45\" data-from-value=\"1\" data-delimiter=\",\">1<\/span>\n\t\t\t\t<span class=\"elementor-counter-number-suffix\"><\/span>\n\t\t\t<\/div>\n\t\t<\/div>\n\t\t\t\t\t\t<\/div>\n\t\t\t\t<\/div>\n\t\t\t\t\t<\/div>\n\t\t<\/div>\n\t\t\t\t<div class=\"elementor-column elementor-col-25 elementor-top-column elementor-element elementor-element-abf0427\" data-id=\"abf0427\" data-element_type=\"column\">\n\t\t\t<div class=\"elementor-widget-wrap elementor-element-populated\">\n\t\t\t\t\t\t<div class=\"elementor-element elementor-element-271bc7d elementor-widget elementor-widget-counter\" data-id=\"271bc7d\" data-element_type=\"widget\" data-widget_type=\"counter.default\">\n\t\t\t\t<div class=\"elementor-widget-container\">\n\t\t\t\t\t\t\t<div class=\"elementor-counter\">\n\t\t\t<div class=\"elementor-counter-title\">v\u00fdstupy<\/div>\t\t\t<div class=\"elementor-counter-number-wrapper\">\n\t\t\t\t<span class=\"elementor-counter-number-prefix\"><\/span>\n\t\t\t\t<span class=\"elementor-counter-number\" data-duration=\"1000\" data-to-value=\"3\" data-from-value=\"1\" data-delimiter=\",\">1<\/span>\n\t\t\t\t<span class=\"elementor-counter-number-suffix\"><\/span>\n\t\t\t<\/div>\n\t\t<\/div>\n\t\t\t\t\t\t<\/div>\n\t\t\t\t<\/div>\n\t\t\t\t\t<\/div>\n\t\t<\/div>\n\t\t\t\t\t<\/div>\n\t\t<\/section>\n\t\t\t\t<\/div>\n\t\t","protected":false},"excerpt":{"rendered":"<p>O projekte Youthtainability je KA2 strategick\u00e9 partnerstvo medzi organiz\u00e1ciami Gyermek &#8211; \u00e9s Ifj\u00fas\u00e1gi \u00d6nkorm\u00e1nyzati T\u00e1rsas\u00e1g, DYPALL Network, a European network based in Portugal a Detsk\u00e1 organiz\u00e1cia F\u00c9NIX, o. z. V r\u00e1mci projektu sme zorganizovali tri partnersk\u00e9 stretnutia a \u0161tudijn\u00fa n\u00e1v\u0161tevu pre odborn\u00edkov z partnersk\u00fdch kraj\u00edn. Na z\u00e1klade t\u00fdchto sk\u00fasenost\u00ed sme vytvorili \u201eintelektu\u00e1lny v\u00fdstup\u201c ako hlavn\u00fd [&hellip;]<\/p>\n","protected":false},"author":1,"featured_media":0,"parent":0,"menu_order":0,"comment_status":"closed","ping_status":"closed","template":"elementor_header_footer","meta":{"footnotes":""},"class_list":["post-300","page","type-page","status-publish","hentry","entry"],"_links":{"self":[{"href":"https:\/\/youthtainability.gyiot.hu\/index.php?rest_route=\/wp\/v2\/pages\/300","targetHints":{"allow":["GET"]}}],"collection":[{"href":"https:\/\/youthtainability.gyiot.hu\/index.php?rest_route=\/wp\/v2\/pages"}],"about":[{"href":"https:\/\/youthtainability.gyiot.hu\/index.php?rest_route=\/wp\/v2\/types\/page"}],"author":[{"embeddable":true,"href":"https:\/\/youthtainability.gyiot.hu\/index.php?rest_route=\/wp\/v2\/users\/1"}],"replies":[{"embeddable":true,"href":"https:\/\/youthtainability.gyiot.hu\/index.php?rest_route=%2Fwp%2Fv2%2Fcomments&post=300"}],"version-history":[{"count":9,"href":"https:\/\/youthtainability.gyiot.hu\/index.php?rest_route=\/wp\/v2\/pages\/300\/revisions"}],"predecessor-version":[{"id":425,"href":"https:\/\/youthtainability.gyiot.hu\/index.php?rest_route=\/wp\/v2\/pages\/300\/revisions\/425"}],"wp:attachment":[{"href":"https:\/\/youthtainability.gyiot.hu\/index.php?rest_route=%2Fwp%2Fv2%2Fmedia&parent=300"}],"curies":[{"name":"wp","href":"https:\/\/api.w.org\/{rel}","templated":true}]}}