{"id":265,"date":"2020-02-09T10:45:08","date_gmt":"2020-02-09T10:45:08","guid":{"rendered":"https:\/\/youthtainability.com\/?page_id=265"},"modified":"2021-09-07T19:27:47","modified_gmt":"2021-09-07T19:27:47","slug":"tool_hun","status":"publish","type":"page","link":"https:\/\/youthtainability.gyiot.hu\/?page_id=265","title":{"rendered":"Eszk\u00f6z\u00f6k"},"content":{"rendered":"\t\t<div data-elementor-type=\"wp-page\" data-elementor-id=\"265\" class=\"elementor elementor-265\" data-elementor-post-type=\"page\">\n\t\t\t\t\t\t<section class=\"elementor-section elementor-top-section elementor-element elementor-element-7c42a03 elementor-section-content-middle elementor-section-boxed elementor-section-height-default elementor-section-height-default\" data-id=\"7c42a03\" data-element_type=\"section\">\n\t\t\t\t\t\t<div class=\"elementor-container elementor-column-gap-no\">\n\t\t\t\t\t<div class=\"elementor-column elementor-col-50 elementor-top-column elementor-element elementor-element-17d7e1a\" data-id=\"17d7e1a\" data-element_type=\"column\">\n\t\t\t<div class=\"elementor-widget-wrap elementor-element-populated\">\n\t\t\t\t\t\t<div class=\"elementor-element elementor-element-e551111 elementor-widget-divider--view-line elementor-widget elementor-widget-divider\" data-id=\"e551111\" data-element_type=\"widget\" data-widget_type=\"divider.default\">\n\t\t\t\t<div class=\"elementor-widget-container\">\n\t\t\t\t\t\t\t<div class=\"elementor-divider\">\n\t\t\t<span class=\"elementor-divider-separator\">\n\t\t\t\t\t\t<\/span>\n\t\t<\/div>\n\t\t\t\t\t\t<\/div>\n\t\t\t\t<\/div>\n\t\t\t\t<div class=\"elementor-element elementor-element-c9eab87 elementor-widget elementor-widget-heading\" data-id=\"c9eab87\" data-element_type=\"widget\" data-widget_type=\"heading.default\">\n\t\t\t\t<div class=\"elementor-widget-container\">\n\t\t\t\t\t<h4 class=\"elementor-heading-title elementor-size-default\">Eszk\u00f6z\u00f6k<\/h4>\t\t\t\t<\/div>\n\t\t\t\t<\/div>\n\t\t\t\t\t<\/div>\n\t\t<\/div>\n\t\t\t\t<div class=\"elementor-column elementor-col-50 elementor-top-column elementor-element elementor-element-caeb3dc\" data-id=\"caeb3dc\" data-element_type=\"column\">\n\t\t\t<div class=\"elementor-widget-wrap\">\n\t\t\t\t\t\t\t<\/div>\n\t\t<\/div>\n\t\t\t\t\t<\/div>\n\t\t<\/section>\n\t\t\t\t<section class=\"elementor-section elementor-top-section elementor-element elementor-element-3e1bf12 elementor-section-content-middle elementor-section-boxed elementor-section-height-default elementor-section-height-default\" data-id=\"3e1bf12\" data-element_type=\"section\">\n\t\t\t\t\t\t<div class=\"elementor-container elementor-column-gap-no\">\n\t\t\t\t\t<div class=\"elementor-column elementor-col-50 elementor-top-column elementor-element elementor-element-266bc8f\" data-id=\"266bc8f\" data-element_type=\"column\">\n\t\t\t<div class=\"elementor-widget-wrap elementor-element-populated\">\n\t\t\t\t\t\t<div class=\"elementor-element elementor-element-da35398 elementor-widget elementor-widget-accordion\" data-id=\"da35398\" data-element_type=\"widget\" data-widget_type=\"accordion.default\">\n\t\t\t\t<div class=\"elementor-widget-container\">\n\t\t\t\t\t\t\t<div class=\"elementor-accordion\">\n\t\t\t\t\t\t\t<div class=\"elementor-accordion-item\">\n\t\t\t\t\t<div id=\"elementor-tab-title-2281\" class=\"elementor-tab-title\" data-tab=\"1\" role=\"button\" aria-controls=\"elementor-tab-content-2281\" aria-expanded=\"false\">\n\t\t\t\t\t\t\t\t\t\t\t\t\t<span class=\"elementor-accordion-icon elementor-accordion-icon-left\" aria-hidden=\"true\">\n\t\t\t\t\t\t\t\t\t\t\t\t\t\t\t<span class=\"elementor-accordion-icon-closed\"><i class=\"fas fa-angle-down\"><\/i><\/span>\n\t\t\t\t\t\t\t\t<span class=\"elementor-accordion-icon-opened\"><i class=\"fas fa-angle-up\"><\/i><\/span>\n\t\t\t\t\t\t\t\t\t\t\t\t\t\t<\/span>\n\t\t\t\t\t\t\t\t\t\t\t\t<a class=\"elementor-accordion-title\" tabindex=\"0\">T\u00e9rk\u00e9p<\/a>\n\t\t\t\t\t<\/div>\n\t\t\t\t\t<div id=\"elementor-tab-content-2281\" class=\"elementor-tab-content elementor-clearfix\" data-tab=\"1\" role=\"region\" aria-labelledby=\"elementor-tab-title-2281\"><p><span style=\"font-weight: 400;\">Fontosnak tartjuk, hogy a fiatalokkal foglalkoz\u00f3 szakember maga is k\u00f6t\u0151dj\u00f6n a telep\u00fcl\u00e9shez, ezzel seg\u00edtve a helyi fiatalok k\u00f6t\u0151d\u00e9s\u00e9nek kialak\u00edt\u00e1s\u00e1t. A t\u00e9rk\u00e9p seg\u00edt a szakembereknek saj\u00e1t k\u00f6t\u0151d\u00e9s\u00fck felt\u00e9rk\u00e9pez\u00e9s\u00e9ben.<\/span><\/p><p><a href=\"https:\/\/youthtainability.gyiot.hu\/wp-content\/uploads\/2021\/09\/A-hely-ahol-elunk-2021-terkep-01.pdf\" target=\"_blank\" rel=\"noopener\"><strong>T\u00c9RK\u00c9P I.<\/strong><\/a><\/p><p><a href=\"https:\/\/youthtainability.gyiot.hu\/wp-content\/uploads\/2021\/09\/A-hely-ahol-elunk-2021-terkep-02.pdf\" target=\"_blank\" rel=\"noopener\"><strong>T\u00c9RK\u00c9P II.<\/strong><\/a><\/p><p><a href=\"https:\/\/youthtainability.gyiot.hu\/wp-content\/uploads\/2021\/09\/A-hely-ahol-elunk-2021-terkep-03.pdf\" target=\"_blank\" rel=\"noopener\"><strong>T\u00c9RK\u00c9P III.<\/strong><\/a><\/p><\/div>\n\t\t\t\t<\/div>\n\t\t\t\t\t\t\t<div class=\"elementor-accordion-item\">\n\t\t\t\t\t<div id=\"elementor-tab-title-2282\" class=\"elementor-tab-title\" data-tab=\"2\" role=\"button\" aria-controls=\"elementor-tab-content-2282\" aria-expanded=\"false\">\n\t\t\t\t\t\t\t\t\t\t\t\t\t<span class=\"elementor-accordion-icon elementor-accordion-icon-left\" aria-hidden=\"true\">\n\t\t\t\t\t\t\t\t\t\t\t\t\t\t\t<span class=\"elementor-accordion-icon-closed\"><i class=\"fas fa-angle-down\"><\/i><\/span>\n\t\t\t\t\t\t\t\t<span class=\"elementor-accordion-icon-opened\"><i class=\"fas fa-angle-up\"><\/i><\/span>\n\t\t\t\t\t\t\t\t\t\t\t\t\t\t<\/span>\n\t\t\t\t\t\t\t\t\t\t\t\t<a class=\"elementor-accordion-title\" tabindex=\"0\">Theory<\/a>\n\t\t\t\t\t<\/div>\n\t\t\t\t\t<div id=\"elementor-tab-content-2282\" class=\"elementor-tab-content elementor-clearfix\" data-tab=\"2\" role=\"region\" aria-labelledby=\"elementor-tab-title-2282\"><p><span style=\"font-weight: 400;\">Az elm\u00e9leti h\u00e1tt\u00e9r k\u00f6rbej\u00e1rja a kistelep\u00fcl\u00e9si ifj\u00fas\u00e1gi munka kih\u00edv\u00e1sait, mint p\u00e9ld\u00e1ul a fiatalok nagyobb v\u00e1rosokba v\u00e1ndorl\u00e1s\u00e1t, hogy mit is jelent a fenntarthat\u00f3 fejl\u0151d\u00e9s telep\u00fcl\u00e9si szinten, \u00e9s hogy mi az ifj\u00fas\u00e1gi munka szerepe a fenntarthat\u00f3 k\u00f6z\u00f6ss\u00e9gek kialakul\u00e1s\u00e1ban.<\/span><\/p><p><strong><a href=\"https:\/\/drive.google.com\/file\/d\/1zqzIRco2AJM0D0pWxtxIWEsXaHyKqG0b\/view?usp=sharing\">THEORY<\/a><\/strong><\/p><\/div>\n\t\t\t\t<\/div>\n\t\t\t\t\t\t\t<div class=\"elementor-accordion-item\">\n\t\t\t\t\t<div id=\"elementor-tab-title-2283\" class=\"elementor-tab-title\" data-tab=\"3\" role=\"button\" aria-controls=\"elementor-tab-content-2283\" aria-expanded=\"false\">\n\t\t\t\t\t\t\t\t\t\t\t\t\t<span class=\"elementor-accordion-icon elementor-accordion-icon-left\" aria-hidden=\"true\">\n\t\t\t\t\t\t\t\t\t\t\t\t\t\t\t<span class=\"elementor-accordion-icon-closed\"><i class=\"fas fa-angle-down\"><\/i><\/span>\n\t\t\t\t\t\t\t\t<span class=\"elementor-accordion-icon-opened\"><i class=\"fas fa-angle-up\"><\/i><\/span>\n\t\t\t\t\t\t\t\t\t\t\t\t\t\t<\/span>\n\t\t\t\t\t\t\t\t\t\t\t\t<a class=\"elementor-accordion-title\" tabindex=\"0\">Activity Tool<\/a>\n\t\t\t\t\t<\/div>\n\t\t\t\t\t<div id=\"elementor-tab-content-2283\" class=\"elementor-tab-content elementor-clearfix\" data-tab=\"3\" role=\"region\" aria-labelledby=\"elementor-tab-title-2283\"><p>Ez a j\u00e1t\u00e9k gy\u0171jtem\u00e9ny els\u0151sorban helyi ifj\u00fas\u00e1gi munk\u00e1t v\u00e9gz\u0151 kezd\u0151 \u00e9s halad\u00f3 szakemberek sz\u00e1m\u00e1ra k\u00e9sz\u00fclt. Els\u0151dleges c\u00e9lja a fiatalok saj\u00e1t telep\u00fcl\u00e9s\u00fckh\u00f6z val\u00f3 m\u00e9lyebb k\u00f6t\u0151d\u00e9s\u00e9nek kialak\u00edt\u00e1sa.<\/p><p><strong><a href=\"https:\/\/drive.google.com\/file\/d\/1LsLa1SqH2Uq0ssj4lal4pqlLOowo0GGR\/view?usp=sharing\">ACTIVITY TOOL<\/a><\/strong><\/p><\/div>\n\t\t\t\t<\/div>\n\t\t\t\t\t\t\t\t<\/div>\n\t\t\t\t\t\t<\/div>\n\t\t\t\t<\/div>\n\t\t\t\t\t<\/div>\n\t\t<\/div>\n\t\t\t\t<div class=\"elementor-column elementor-col-50 elementor-top-column elementor-element elementor-element-5e6fbb4\" data-id=\"5e6fbb4\" data-element_type=\"column\">\n\t\t\t<div class=\"elementor-widget-wrap\">\n\t\t\t\t\t\t\t<\/div>\n\t\t<\/div>\n\t\t\t\t\t<\/div>\n\t\t<\/section>\n\t\t\t\t<section class=\"elementor-section elementor-top-section elementor-element elementor-element-2b76214 elementor-section-height-min-height elementor-section-content-middle elementor-section-boxed elementor-section-height-default elementor-section-items-middle\" data-id=\"2b76214\" data-element_type=\"section\" data-settings=\"{&quot;background_background&quot;:&quot;classic&quot;}\">\n\t\t\t\t\t\t\t<div class=\"elementor-background-overlay\"><\/div>\n\t\t\t\t\t\t\t<div class=\"elementor-container elementor-column-gap-no\">\n\t\t\t\t\t<div class=\"elementor-column elementor-col-100 elementor-top-column elementor-element elementor-element-110e207 elementor-hidden-desktop elementor-hidden-tablet elementor-hidden-phone\" data-id=\"110e207\" data-element_type=\"column\">\n\t\t\t<div class=\"elementor-widget-wrap elementor-element-populated\">\n\t\t\t\t\t\t<div class=\"elementor-element elementor-element-6fec54a elementor-widget elementor-widget-heading\" data-id=\"6fec54a\" data-element_type=\"widget\" data-widget_type=\"heading.default\">\n\t\t\t\t<div class=\"elementor-widget-container\">\n\t\t\t\t\t<h2 class=\"elementor-heading-title elementor-size-default\">Let\u00f6lthet\u0151 mell\u00e9kletek<\/h2>\t\t\t\t<\/div>\n\t\t\t\t<\/div>\n\t\t\t\t<div class=\"elementor-element elementor-element-ffe8c30 elementor-widget elementor-widget-text-editor\" data-id=\"ffe8c30\" data-element_type=\"widget\" data-widget_type=\"text-editor.default\">\n\t\t\t\t<div class=\"elementor-widget-container\">\n\t\t\t\t\t\t\t\t\t<p>I am text block. Click edit button to change this text. Lorem ipsum dolor sit amet, consectetur adipiscing elit. Ut elit tellus, luctus nec ullamcorper mattis, pulvinar dapibus leo.<\/p>\t\t\t\t\t\t\t\t<\/div>\n\t\t\t\t<\/div>\n\t\t\t\t<div class=\"elementor-element elementor-element-f5d422c elementor-button-align-stretch elementor-widget elementor-widget-form\" data-id=\"f5d422c\" data-element_type=\"widget\" data-settings=\"{&quot;button_width&quot;:&quot;33&quot;,&quot;button_width_tablet&quot;:&quot;33&quot;,&quot;step_next_label&quot;:&quot;Next&quot;,&quot;step_previous_label&quot;:&quot;Previous&quot;,&quot;step_type&quot;:&quot;number_text&quot;,&quot;step_icon_shape&quot;:&quot;circle&quot;}\" data-widget_type=\"form.default\">\n\t\t\t\t<div class=\"elementor-widget-container\">\n\t\t\t\t\t\t\t<form class=\"elementor-form\" method=\"post\" id=\"youthtainability\" name=\"New Form\" aria-label=\"New Form\">\n\t\t\t<input type=\"hidden\" name=\"post_id\" value=\"265\"\/>\n\t\t\t<input type=\"hidden\" name=\"form_id\" value=\"f5d422c\"\/>\n\t\t\t<input type=\"hidden\" name=\"referer_title\" value=\"Eszk\u00f6z\u00f6k\" \/>\n\n\t\t\t\t\t\t\t<input type=\"hidden\" name=\"queried_id\" value=\"265\"\/>\n\t\t\t\n\t\t\t<div class=\"elementor-form-fields-wrapper elementor-labels-\">\n\t\t\t\t\t\t\t\t<div class=\"elementor-field-type-text elementor-field-group elementor-column elementor-field-group-field_1 elementor-col-66 elementor-md-66 elementor-field-required\">\n\t\t\t\t\t\t\t\t\t\t\t\t<label for=\"form-field-field_1\" class=\"elementor-field-label elementor-screen-only\">\n\t\t\t\t\t\t\t\tName\t\t\t\t\t\t\t<\/label>\n\t\t\t\t\t\t\t\t\t\t\t\t\t\t<input size=\"1\" type=\"text\" name=\"form_fields[field_1]\" id=\"form-field-field_1\" class=\"elementor-field elementor-size-md  elementor-field-textual\" placeholder=\"Name\" required=\"required\">\n\t\t\t\t\t\t\t\t\t\t\t<\/div>\n\t\t\t\t\t\t\t\t<div class=\"elementor-field-type-email elementor-field-group elementor-column elementor-field-group-email elementor-col-66 elementor-md-66 elementor-field-required\">\n\t\t\t\t\t\t\t\t\t\t\t\t<label for=\"form-field-email\" class=\"elementor-field-label elementor-screen-only\">\n\t\t\t\t\t\t\t\tEmail\t\t\t\t\t\t\t<\/label>\n\t\t\t\t\t\t\t\t\t\t\t\t\t\t<input size=\"1\" type=\"email\" name=\"form_fields[email]\" id=\"form-field-email\" class=\"elementor-field elementor-size-md  elementor-field-textual\" placeholder=\"Your Email\" required=\"required\">\n\t\t\t\t\t\t\t\t\t\t\t<\/div>\n\t\t\t\t\t\t\t\t<div class=\"elementor-field-group elementor-column elementor-field-type-submit elementor-col-33 e-form__buttons elementor-md-33\">\n\t\t\t\t\t<button class=\"elementor-button elementor-size-md\" type=\"submit\" id=\"youthtainability\">\n\t\t\t\t\t\t<span class=\"elementor-button-content-wrapper\">\n\t\t\t\t\t\t\t\t\t\t\t\t\t\t\t\t\t\t\t\t\t\t<span class=\"elementor-button-text\">Start Free Trial<\/span>\n\t\t\t\t\t\t\t\t\t\t\t\t\t<\/span>\n\t\t\t\t\t<\/button>\n\t\t\t\t<\/div>\n\t\t\t<\/div>\n\t\t<\/form>\n\t\t\t\t\t\t<\/div>\n\t\t\t\t<\/div>\n\t\t\t\t\t<\/div>\n\t\t<\/div>\n\t\t\t\t\t<\/div>\n\t\t<\/section>\n\t\t\t\t<\/div>\n\t\t","protected":false},"excerpt":{"rendered":"<p>Eszk\u00f6z\u00f6k T\u00e9rk\u00e9p Fontosnak tartjuk, hogy a fiatalokkal foglalkoz\u00f3 szakember maga is k\u00f6t\u0151dj\u00f6n a telep\u00fcl\u00e9shez, ezzel seg\u00edtve a helyi fiatalok k\u00f6t\u0151d\u00e9s\u00e9nek kialak\u00edt\u00e1s\u00e1t. A t\u00e9rk\u00e9p seg\u00edt a szakembereknek saj\u00e1t k\u00f6t\u0151d\u00e9s\u00fck felt\u00e9rk\u00e9pez\u00e9s\u00e9ben. T\u00c9RK\u00c9P I. T\u00c9RK\u00c9P II. T\u00c9RK\u00c9P III. Theory Az elm\u00e9leti h\u00e1tt\u00e9r k\u00f6rbej\u00e1rja a kistelep\u00fcl\u00e9si ifj\u00fas\u00e1gi munka kih\u00edv\u00e1sait, mint p\u00e9ld\u00e1ul a fiatalok nagyobb v\u00e1rosokba v\u00e1ndorl\u00e1s\u00e1t, hogy mit is [&hellip;]<\/p>\n","protected":false},"author":1,"featured_media":0,"parent":0,"menu_order":0,"comment_status":"closed","ping_status":"closed","template":"elementor_header_footer","meta":{"footnotes":""},"class_list":["post-265","page","type-page","status-publish","hentry","entry"],"_links":{"self":[{"href":"https:\/\/youthtainability.gyiot.hu\/index.php?rest_route=\/wp\/v2\/pages\/265","targetHints":{"allow":["GET"]}}],"collection":[{"href":"https:\/\/youthtainability.gyiot.hu\/index.php?rest_route=\/wp\/v2\/pages"}],"about":[{"href":"https:\/\/youthtainability.gyiot.hu\/index.php?rest_route=\/wp\/v2\/types\/page"}],"author":[{"embeddable":true,"href":"https:\/\/youthtainability.gyiot.hu\/index.php?rest_route=\/wp\/v2\/users\/1"}],"replies":[{"embeddable":true,"href":"https:\/\/youthtainability.gyiot.hu\/index.php?rest_route=%2Fwp%2Fv2%2Fcomments&post=265"}],"version-history":[{"count":14,"href":"https:\/\/youthtainability.gyiot.hu\/index.php?rest_route=\/wp\/v2\/pages\/265\/revisions"}],"predecessor-version":[{"id":472,"href":"https:\/\/youthtainability.gyiot.hu\/index.php?rest_route=\/wp\/v2\/pages\/265\/revisions\/472"}],"wp:attachment":[{"href":"https:\/\/youthtainability.gyiot.hu\/index.php?rest_route=%2Fwp%2Fv2%2Fmedia&parent=265"}],"curies":[{"name":"wp","href":"https:\/\/api.w.org\/{rel}","templated":true}]}}