{"id":258,"date":"2020-02-09T10:27:33","date_gmt":"2020-02-09T10:27:33","guid":{"rendered":"https:\/\/youthtainability.com\/?page_id=258"},"modified":"2020-03-10T17:53:48","modified_gmt":"2020-03-10T17:53:48","slug":"about_hun","status":"publish","type":"page","link":"https:\/\/youthtainability.gyiot.hu\/?page_id=258","title":{"rendered":"A projektr\u0151l"},"content":{"rendered":"\t\t<div data-elementor-type=\"wp-page\" data-elementor-id=\"258\" class=\"elementor elementor-258\" data-elementor-post-type=\"page\">\n\t\t\t\t\t\t<section class=\"elementor-section elementor-top-section elementor-element elementor-element-93dbedf elementor-section-content-middle elementor-section-boxed elementor-section-height-default elementor-section-height-default\" data-id=\"93dbedf\" data-element_type=\"section\">\n\t\t\t\t\t\t<div class=\"elementor-container elementor-column-gap-no\">\n\t\t\t\t\t<div class=\"elementor-column elementor-col-50 elementor-top-column elementor-element elementor-element-1421079\" data-id=\"1421079\" data-element_type=\"column\">\n\t\t\t<div class=\"elementor-widget-wrap elementor-element-populated\">\n\t\t\t\t\t\t<div class=\"elementor-element elementor-element-adf6345 elementor-widget-divider--view-line elementor-widget elementor-widget-divider\" data-id=\"adf6345\" data-element_type=\"widget\" data-widget_type=\"divider.default\">\n\t\t\t\t<div class=\"elementor-widget-container\">\n\t\t\t\t\t\t\t<div class=\"elementor-divider\">\n\t\t\t<span class=\"elementor-divider-separator\">\n\t\t\t\t\t\t<\/span>\n\t\t<\/div>\n\t\t\t\t\t\t<\/div>\n\t\t\t\t<\/div>\n\t\t\t\t<div class=\"elementor-element elementor-element-dbc1bec elementor-widget elementor-widget-heading\" data-id=\"dbc1bec\" data-element_type=\"widget\" data-widget_type=\"heading.default\">\n\t\t\t\t<div class=\"elementor-widget-container\">\n\t\t\t\t\t<h4 class=\"elementor-heading-title elementor-size-default\">A projektr\u0151l<\/h4>\t\t\t\t<\/div>\n\t\t\t\t<\/div>\n\t\t\t\t\t<\/div>\n\t\t<\/div>\n\t\t\t\t<div class=\"elementor-column elementor-col-50 elementor-top-column elementor-element elementor-element-e0da252\" data-id=\"e0da252\" data-element_type=\"column\">\n\t\t\t<div class=\"elementor-widget-wrap elementor-element-populated\">\n\t\t\t\t\t\t<div class=\"elementor-element elementor-element-6c9790a elementor-widget elementor-widget-text-editor\" data-id=\"6c9790a\" data-element_type=\"widget\" data-widget_type=\"text-editor.default\">\n\t\t\t\t<div class=\"elementor-widget-container\">\n\t\t\t\t\t\t\t\t\t<p><span style=\"font-weight: 400;\">A Youthtainability egy hossz\u00fa t\u00e1v\u00fa strat\u00e9giai egy\u00fcttm\u0171k\u00f6d\u00e9s a Gyermek- \u00e9s Ifj\u00fas\u00e1gi \u00d6nkorm\u00e1nyzati T\u00e1rsas\u00e1g, a DYPALL \u00e9s a F\u00e9nix szervezetek k\u00f6z\u00f6tt.\u00a0 A projekt t\u00f6bb mint egy \u00e9ve alatt h\u00e1rom partner tal\u00e1lkoz\u00f3 \u00e9s egy ifj\u00fas\u00e1gi szakembereknek szervezett l\u00e1t\u00f3 \u00fat tapasztalatai \u00e9s szakmai munk\u00e1ja sor\u00e1n \u00e1ll\u00edtottuk \u00f6ssze a projekt eredm\u00e9nyek\u00e9nt l\u00e9trej\u00f6tt \u00fagynevezett szellemi term\u00e9ket, mely h\u00e1rom r\u00e9szb\u0151l \u00e9p\u00fcl fel.<\/span><\/p>\t\t\t\t\t\t\t\t<\/div>\n\t\t\t\t<\/div>\n\t\t\t\t<div class=\"elementor-element elementor-element-8b3a2c0 elementor-widget elementor-widget-text-editor\" data-id=\"8b3a2c0\" data-element_type=\"widget\" data-widget_type=\"text-editor.default\">\n\t\t\t\t<div class=\"elementor-widget-container\">\n\t\t\t\t\t\t\t\t\t<p><span style=\"font-weight: 400;\">Az elm\u00e9leti h\u00e1tt\u00e9r k\u00f6rbej\u00e1rja a kistelep\u00fcl\u00e9si ifj\u00fas\u00e1gi munka kih\u00edv\u00e1sait, mint p\u00e9ld\u00e1ul a fiatalok nagyobb v\u00e1rosokba v\u00e1ndorl\u00e1s\u00e1t, hogy mit is jelent a fenntarthat\u00f3 fejl\u0151d\u00e9s telep\u00fcl\u00e9si szinten, \u00e9s hogy mi az ifj\u00fas\u00e1gi munka szerepe a fenntarthat\u00f3 k\u00f6z\u00f6ss\u00e9gek kialakul\u00e1s\u00e1ban. Ezen k\u00e9rd\u00e9sek ment\u00e9n nem csak a magyar, hanem a szlov\u00e1k \u00e9s a portug\u00e1l val\u00f3s\u00e1got is g\u00f3rcs\u0151 al\u00e1 vett\u00fck, k\u00fcl\u00f6n\u00f6s tekintettel a hasonl\u00f3s\u00e1gokra.\u00a0<\/span><\/p><p><span style=\"font-weight: 400;\">A szellemi term\u00e9k m\u00e1sodik r\u00e9sze egy \u00fagynevezett j\u00f3 gyakorlat gy\u0171jtem\u00e9ny, aminek f\u0151 c\u00e9lja a fiatalok telep\u00fcl\u00e9s\u00fckh\u00f6z, \u00e9s helyi k\u00f6z\u00f6ss\u00e9geikhez val\u00f3 k\u00f6t\u0151d\u00e9s \u00e9rz\u00e9s\u00e9nek kialak\u00edt\u00e1sa \u00e9s elm\u00e9ly\u00edt\u00e9se.\u00a0<\/span><\/p><p><span style=\"font-weight: 400;\">A harmadik pill\u00e9r egy t\u00e9rk\u00e9p, mely az ifj\u00fas\u00e1gi szakember (\u00f6n)\u00e9rt\u00e9kel\u00e9s\u00e9re szolg\u00e1l. Fontosnak tartjuk, hogy a fiatalokkal foglalkoz\u00f3 szakember maga is k\u00f6t\u0151dj\u00f6n a telep\u00fcl\u00e9shez, ezzel seg\u00edtve a helyi fiatalok k\u00f6t\u0151d\u00e9s\u00e9nek kialak\u00edt\u00e1s\u00e1t. A t\u00e9rk\u00e9p seg\u00edt a szakembereknek saj\u00e1t k\u00f6t\u0151d\u00e9s\u00fck felt\u00e9rk\u00e9pez\u00e9s\u00e9ben.\u00a0<\/span><\/p><p><span style=\"font-weight: 400;\">A szellemi term\u00e9k mindh\u00e1rom r\u00e9sze let\u00f6lthet\u0151 az \u201cEszk\u00f6z\u00f6k\u201d men\u00fcpont alatt.<\/span><\/p>\t\t\t\t\t\t\t\t<\/div>\n\t\t\t\t<\/div>\n\t\t\t\t\t<\/div>\n\t\t<\/div>\n\t\t\t\t\t<\/div>\n\t\t<\/section>\n\t\t\t\t<section class=\"elementor-section elementor-top-section elementor-element elementor-element-0a9fbc2 elementor-section-content-middle elementor-section-boxed elementor-section-height-default elementor-section-height-default\" data-id=\"0a9fbc2\" data-element_type=\"section\" data-settings=\"{&quot;background_background&quot;:&quot;classic&quot;}\">\n\t\t\t\t\t\t<div class=\"elementor-container elementor-column-gap-no\">\n\t\t\t\t\t<div class=\"elementor-column elementor-col-50 elementor-top-column elementor-element elementor-element-2c10036\" data-id=\"2c10036\" data-element_type=\"column\">\n\t\t\t<div class=\"elementor-widget-wrap elementor-element-populated\">\n\t\t\t\t\t\t<div class=\"elementor-element elementor-element-8d16c35 elementor-widget-divider--view-line elementor-widget elementor-widget-divider\" data-id=\"8d16c35\" data-element_type=\"widget\" data-widget_type=\"divider.default\">\n\t\t\t\t<div class=\"elementor-widget-container\">\n\t\t\t\t\t\t\t<div class=\"elementor-divider\">\n\t\t\t<span class=\"elementor-divider-separator\">\n\t\t\t\t\t\t<\/span>\n\t\t<\/div>\n\t\t\t\t\t\t<\/div>\n\t\t\t\t<\/div>\n\t\t\t\t<div class=\"elementor-element elementor-element-418fe5c elementor-widget elementor-widget-heading\" data-id=\"418fe5c\" data-element_type=\"widget\" data-widget_type=\"heading.default\">\n\t\t\t\t<div class=\"elementor-widget-container\">\n\t\t\t\t\t<h4 class=\"elementor-heading-title elementor-size-default\">C\u00e9lok<\/h4>\t\t\t\t<\/div>\n\t\t\t\t<\/div>\n\t\t\t\t\t<\/div>\n\t\t<\/div>\n\t\t\t\t<div class=\"elementor-column elementor-col-50 elementor-top-column elementor-element elementor-element-a9c054c\" data-id=\"a9c054c\" data-element_type=\"column\">\n\t\t\t<div class=\"elementor-widget-wrap elementor-element-populated\">\n\t\t\t\t\t\t<div class=\"elementor-element elementor-element-4b096f4 elementor-widget elementor-widget-text-editor\" data-id=\"4b096f4\" data-element_type=\"widget\" data-widget_type=\"text-editor.default\">\n\t\t\t\t<div class=\"elementor-widget-container\">\n\t\t\t\t\t\t\t\t\t<p><span style=\"font-weight: 400;\">A projekt f\u0151 c\u00e9lja, hogy teljesk\u00f6r\u0171en felt\u00e9rk\u00e9pezze a kistelep\u00fcl\u00e9si ifj\u00fas\u00e1gi munka szerep\u00e9t abban, hogy a helyi fiatalok igaz\u00e1n otthon \u00e9rezz\u00e9k magukat a lak\u00f3hely\u00fck\u00f6n, ezzel cs\u00f6kkentve a kistelep\u00fcl\u00e9sekr\u0151l a nagyobb\u00a0 v\u00e1rosokba val\u00f3 elv\u00e1ndorl\u00e1sukat.<\/span><\/p>\t\t\t\t\t\t\t\t<\/div>\n\t\t\t\t<\/div>\n\t\t\t\t\t<\/div>\n\t\t<\/div>\n\t\t\t\t\t<\/div>\n\t\t<\/section>\n\t\t\t\t<section class=\"elementor-section elementor-top-section elementor-element elementor-element-38aa9fb elementor-section-content-middle elementor-section-boxed elementor-section-height-default elementor-section-height-default\" data-id=\"38aa9fb\" data-element_type=\"section\">\n\t\t\t\t\t\t<div class=\"elementor-container elementor-column-gap-no\">\n\t\t\t\t\t<div class=\"elementor-column elementor-col-25 elementor-top-column elementor-element elementor-element-127b879\" data-id=\"127b879\" data-element_type=\"column\">\n\t\t\t<div class=\"elementor-widget-wrap elementor-element-populated\">\n\t\t\t\t\t\t<div class=\"elementor-element elementor-element-f2dbd3b elementor-widget elementor-widget-counter\" data-id=\"f2dbd3b\" data-element_type=\"widget\" data-widget_type=\"counter.default\">\n\t\t\t\t<div class=\"elementor-widget-container\">\n\t\t\t\t\t\t\t<div class=\"elementor-counter\">\n\t\t\t<div class=\"elementor-counter-title\">el\u00e9rt ember<\/div>\t\t\t<div class=\"elementor-counter-number-wrapper\">\n\t\t\t\t<span class=\"elementor-counter-number-prefix\"><\/span>\n\t\t\t\t<span class=\"elementor-counter-number\" data-duration=\"2000\" data-to-value=\"250\" data-from-value=\"1\" data-delimiter=\",\">1<\/span>\n\t\t\t\t<span class=\"elementor-counter-number-suffix\"><\/span>\n\t\t\t<\/div>\n\t\t<\/div>\n\t\t\t\t\t\t<\/div>\n\t\t\t\t<\/div>\n\t\t\t\t\t<\/div>\n\t\t<\/div>\n\t\t\t\t<div class=\"elementor-column elementor-col-25 elementor-top-column elementor-element elementor-element-350fa7a\" data-id=\"350fa7a\" data-element_type=\"column\">\n\t\t\t<div class=\"elementor-widget-wrap elementor-element-populated\">\n\t\t\t\t\t\t<div class=\"elementor-element elementor-element-4ffb011 elementor-widget elementor-widget-counter\" data-id=\"4ffb011\" data-element_type=\"widget\" data-widget_type=\"counter.default\">\n\t\t\t\t<div class=\"elementor-widget-container\">\n\t\t\t\t\t\t\t<div class=\"elementor-counter\">\n\t\t\t<div class=\"elementor-counter-title\">esem\u00e9ny<\/div>\t\t\t<div class=\"elementor-counter-number-wrapper\">\n\t\t\t\t<span class=\"elementor-counter-number-prefix\"><\/span>\n\t\t\t\t<span class=\"elementor-counter-number\" data-duration=\"2000\" data-to-value=\"6\" data-from-value=\"1\" data-delimiter=\",\">1<\/span>\n\t\t\t\t<span class=\"elementor-counter-number-suffix\"><\/span>\n\t\t\t<\/div>\n\t\t<\/div>\n\t\t\t\t\t\t<\/div>\n\t\t\t\t<\/div>\n\t\t\t\t\t<\/div>\n\t\t<\/div>\n\t\t\t\t<div class=\"elementor-column elementor-col-25 elementor-top-column elementor-element elementor-element-52849a5\" data-id=\"52849a5\" data-element_type=\"column\">\n\t\t\t<div class=\"elementor-widget-wrap elementor-element-populated\">\n\t\t\t\t\t\t<div class=\"elementor-element elementor-element-8023ab3 elementor-widget elementor-widget-counter\" data-id=\"8023ab3\" data-element_type=\"widget\" data-widget_type=\"counter.default\">\n\t\t\t\t<div class=\"elementor-widget-container\">\n\t\t\t\t\t\t\t<div class=\"elementor-counter\">\n\t\t\t<div class=\"elementor-counter-title\">ifj\u00fas\u00e1gi munk\u00e1s<\/div>\t\t\t<div class=\"elementor-counter-number-wrapper\">\n\t\t\t\t<span class=\"elementor-counter-number-prefix\"><\/span>\n\t\t\t\t<span class=\"elementor-counter-number\" data-duration=\"2000\" data-to-value=\"45\" data-from-value=\"1\" data-delimiter=\",\">1<\/span>\n\t\t\t\t<span class=\"elementor-counter-number-suffix\"><\/span>\n\t\t\t<\/div>\n\t\t<\/div>\n\t\t\t\t\t\t<\/div>\n\t\t\t\t<\/div>\n\t\t\t\t\t<\/div>\n\t\t<\/div>\n\t\t\t\t<div class=\"elementor-column elementor-col-25 elementor-top-column elementor-element elementor-element-fbfe545\" data-id=\"fbfe545\" data-element_type=\"column\">\n\t\t\t<div class=\"elementor-widget-wrap elementor-element-populated\">\n\t\t\t\t\t\t<div class=\"elementor-element elementor-element-2d7894a elementor-widget elementor-widget-counter\" data-id=\"2d7894a\" data-element_type=\"widget\" data-widget_type=\"counter.default\">\n\t\t\t\t<div class=\"elementor-widget-container\">\n\t\t\t\t\t\t\t<div class=\"elementor-counter\">\n\t\t\t<div class=\"elementor-counter-title\">szellemi term\u00e9k<\/div>\t\t\t<div class=\"elementor-counter-number-wrapper\">\n\t\t\t\t<span class=\"elementor-counter-number-prefix\"><\/span>\n\t\t\t\t<span class=\"elementor-counter-number\" data-duration=\"1000\" data-to-value=\"3\" data-from-value=\"1\" data-delimiter=\",\">1<\/span>\n\t\t\t\t<span class=\"elementor-counter-number-suffix\"><\/span>\n\t\t\t<\/div>\n\t\t<\/div>\n\t\t\t\t\t\t<\/div>\n\t\t\t\t<\/div>\n\t\t\t\t\t<\/div>\n\t\t<\/div>\n\t\t\t\t\t<\/div>\n\t\t<\/section>\n\t\t\t\t<\/div>\n\t\t","protected":false},"excerpt":{"rendered":"<p>A projektr\u0151l A Youthtainability egy hossz\u00fa t\u00e1v\u00fa strat\u00e9giai egy\u00fcttm\u0171k\u00f6d\u00e9s a Gyermek- \u00e9s Ifj\u00fas\u00e1gi \u00d6nkorm\u00e1nyzati T\u00e1rsas\u00e1g, a DYPALL \u00e9s a F\u00e9nix szervezetek k\u00f6z\u00f6tt.&nbsp; A projekt t\u00f6bb mint egy \u00e9ve alatt h\u00e1rom partner tal\u00e1lkoz\u00f3 \u00e9s egy ifj\u00fas\u00e1gi szakembereknek szervezett l\u00e1t\u00f3 \u00fat tapasztalatai \u00e9s szakmai munk\u00e1ja sor\u00e1n \u00e1ll\u00edtottuk \u00f6ssze a projekt eredm\u00e9nyek\u00e9nt l\u00e9trej\u00f6tt \u00fagynevezett szellemi term\u00e9ket, mely h\u00e1rom [&hellip;]<\/p>\n","protected":false},"author":1,"featured_media":0,"parent":0,"menu_order":0,"comment_status":"closed","ping_status":"closed","template":"elementor_header_footer","meta":{"footnotes":""},"class_list":["post-258","page","type-page","status-publish","hentry","entry"],"_links":{"self":[{"href":"https:\/\/youthtainability.gyiot.hu\/index.php?rest_route=\/wp\/v2\/pages\/258","targetHints":{"allow":["GET"]}}],"collection":[{"href":"https:\/\/youthtainability.gyiot.hu\/index.php?rest_route=\/wp\/v2\/pages"}],"about":[{"href":"https:\/\/youthtainability.gyiot.hu\/index.php?rest_route=\/wp\/v2\/types\/page"}],"author":[{"embeddable":true,"href":"https:\/\/youthtainability.gyiot.hu\/index.php?rest_route=\/wp\/v2\/users\/1"}],"replies":[{"embeddable":true,"href":"https:\/\/youthtainability.gyiot.hu\/index.php?rest_route=%2Fwp%2Fv2%2Fcomments&post=258"}],"version-history":[{"count":6,"href":"https:\/\/youthtainability.gyiot.hu\/index.php?rest_route=\/wp\/v2\/pages\/258\/revisions"}],"predecessor-version":[{"id":409,"href":"https:\/\/youthtainability.gyiot.hu\/index.php?rest_route=\/wp\/v2\/pages\/258\/revisions\/409"}],"wp:attachment":[{"href":"https:\/\/youthtainability.gyiot.hu\/index.php?rest_route=%2Fwp%2Fv2%2Fmedia&parent=258"}],"curies":[{"name":"wp","href":"https:\/\/api.w.org\/{rel}","templated":true}]}}